{"id":79,"date":"2021-06-04T14:24:14","date_gmt":"2021-06-04T14:24:14","guid":{"rendered":"https:\/\/pflegeteam-sonnenberg.de\/?page_id=79"},"modified":"2025-03-26T18:57:00","modified_gmt":"2025-03-26T18:57:00","slug":"create-your-website-with-blocks-2-2","status":"publish","type":"page","link":"https:\/\/pflegeteam-sonnenberg.de\/?page_id=79","title":{"rendered":"Leitbild"},"content":{"rendered":"<p>[et_pb_section fb_built=&#8220;1&#8243; _builder_version=&#8220;3.26.7&#8243; min_height=&#8220;530.2px&#8220; custom_padding=&#8220;0px|||||&#8220;][et_pb_row _builder_version=&#8220;3.26.7&#8243;][et_pb_column type=&#8220;4_4&#8243; _builder_version=&#8220;3.26.7&#8243;][et_pb_image src=&#8220;https:\/\/pflegeteam-sonnenberg.de\/wp-content\/uploads\/2025\/03\/Titelbild-2025.jpg&#8220; _builder_version=&#8220;3.26.7&#8243;][\/et_pb_image][\/et_pb_column][\/et_pb_row][et_pb_row column_structure=&#8220;1_2,1_2&#8243; _builder_version=&#8220;3.26.7&#8243; width=&#8220;78.4%&#8220; custom_padding=&#8220;||1px|||&#8220;][et_pb_column type=&#8220;1_2&#8243; _builder_version=&#8220;3.26.7&#8243;][et_pb_text _builder_version=&#8220;3.26.7&#8243; custom_padding=&#8220;|14px||0px||&#8220;]<\/p>\n<p><span style=\"color: #333333; font-size: 26px; background-color: #ffffff;\">Unser Leitbild<\/span><\/p>\n<p>[\/et_pb_text][\/et_pb_column][et_pb_column type=&#8220;1_2&#8243; _builder_version=&#8220;3.26.7&#8243;][\/et_pb_column][\/et_pb_row][et_pb_row column_structure=&#8220;1_2,1_2&#8243; _builder_version=&#8220;3.26.7&#8243;][et_pb_column type=&#8220;1_2&#8243; _builder_version=&#8220;3.26.7&#8243;][et_pb_text _builder_version=&#8220;3.26.7&#8243; background_image=&#8220;https:\/\/pflegeteam-sonnenberg.de\/wp-content\/uploads\/2021\/06\/Sonne-links-oben-lang-scaled.jpg&#8220;]<\/p>\n<ul>\n<li>Wir handeln im Interesse unserer Kunden*innen, wobei wir Wert darauf legen, Ihnen ein m\u00f6glichst selbstbestimmtes, unabh\u00e4ngiges Leben zu Hause, oder dort wo sie sich wohlf\u00fchlen und leben, zu erm\u00f6glichen.<\/li>\n<\/ul>\n<ul>\n<li>Angelehnt an das bed\u00fcrfnisorientierte Pflegemodell nach Monika Krohwinkel m\u00f6chten wir vorhandene Ressourcen unserer Kunden*innen erhalten und f\u00f6rdern. Wir akzeptieren und sch\u00e4tzen jeden Menschen, so wie er ist. Dabei ist uns ein gegenseitig respekt- und w\u00fcrdevolles Verh\u00e4ltnis sehr wichtig.<\/li>\n<\/ul>\n<ul>\n<li>Gern nehmen wir uns Zeit f\u00fcr ein nettes Gespr\u00e4ch. F\u00fcr unsere Kunden*innen haben wir immer ein offenes Ohr. Wir pr\u00e4sentieren uns freundlich und professionell.<\/li>\n<\/ul>\n<ul>\n<li>Ein emphatischer Umgang und ein freundliches Miteinander auf Augenh\u00f6he, liegt uns am Herzen.<\/li>\n<\/ul>\n<ul>\n<li>Um unseren Kunden*innen die beste Qualit\u00e4t der Pflege nach aktuellem Wissensstand zu gew\u00e4hrleisten, richten wir unsere Arbeit nach den Expertenstandards. In regelm\u00e4\u00dfigen Teamsitzungen des Qualit\u00e4tsmanagements wird unsere t\u00e4gliche Arbeit reflektiert, verbessert und immer auf den neuesten Stand gebracht.<\/li>\n<\/ul>\n<ul>\n<li>Mit unseren <a title=\"Unser Team\" href=\"https:\/\/pflegeteam-sonnenberg.de\/?page_id=66\">Mitarbeiter*innen<\/a> pflegen wir einen offenen, vertrauensvollen Umgang. Es wird ihnen ein ausgewogenes Verh\u00e4ltnis zwischen beruflichen Anforderungen und privaten Bed\u00fcrfnissen erm\u00f6glicht. Wir streben eine hohe Mitarbeiterzufriedenheit an.<\/li>\n<\/ul>\n<ul>\n<li>Nach den individuellen F\u00e4hig- und Fertigkeiten eines jeden Mitarbeitenden werden sie in die Gesamtaufgabe des Pflegedienstes einbezogen.<\/li>\n<\/ul>\n<ul>\n<li>Gro\u00dfen Wert legen wir auch auf eine wirtschaftliche Organisation unserer Arbeit. Wir planen unsere Touren m\u00f6glichst nachhaltig.<\/li>\n<\/ul>\n<ul>\n<li>Unsere <a title=\"Unsere Leistungen\" href=\"https:\/\/pflegeteam-sonnenberg.de\/?page_id=91\">Leistungen<\/a> k\u00f6nnen \u00fcber die Pflege- und Krankenkassen, \u00fcber das Sozialamt und auch privat abgerechnet werden.<\/li>\n<\/ul>\n<p>[\/et_pb_text][\/et_pb_column][et_pb_column type=&#8220;1_2&#8243; _builder_version=&#8220;3.26.7&#8243;][et_pb_image src=&#8220;https:\/\/pflegeteam-sonnenberg.de\/wp-content\/uploads\/2025\/03\/Bildschirmfoto-2025-03-26-um-19.50.56.png&#8220; _builder_version=&#8220;3.26.7&#8243;][\/et_pb_image][\/et_pb_column][\/et_pb_row][\/et_pb_section]<\/p>\n","protected":false},"excerpt":{"rendered":"<p>[et_pb_section fb_built=&#8220;1&#8243; _builder_version=&#8220;3.26.7&#8243; min_height=&#8220;530.2px&#8220; custom_padding=&#8220;0px|||||&#8220;][et_pb_row _builder_version=&#8220;3.26.7&#8243;][et_pb_column type=&#8220;4_4&#8243; _builder_version=&#8220;3.26.7&#8243;][et_pb_image src=&#8220;https:\/\/pflegeteam-sonnenberg.de\/wp-content\/uploads\/2025\/03\/Titelbild-2025.jpg&#8220; _builder_version=&#8220;3.26.7&#8243;][\/et_pb_image][\/et_pb_column][\/et_pb_row][et_pb_row column_structure=&#8220;1_2,1_2&#8243; _builder_version=&#8220;3.26.7&#8243; width=&#8220;78.4%&#8220; custom_padding=&#8220;||1px|||&#8220;][et_pb_column type=&#8220;1_2&#8243; _builder_version=&#8220;3.26.7&#8243;][et_pb_text _builder_version=&#8220;3.26.7&#8243; custom_padding=&#8220;|14px||0px||&#8220;] Unser Leitbild [\/et_pb_text][\/et_pb_column][et_pb_column type=&#8220;1_2&#8243; _builder_version=&#8220;3.26.7&#8243;][\/et_pb_column][\/et_pb_row][et_pb_row column_structure=&#8220;1_2,1_2&#8243; _builder_version=&#8220;3.26.7&#8243;][et_pb_column type=&#8220;1_2&#8243; _builder_version=&#8220;3.26.7&#8243;][et_pb_text _builder_version=&#8220;3.26.7&#8243; background_image=&#8220;https:\/\/pflegeteam-sonnenberg.de\/wp-content\/uploads\/2021\/06\/Sonne-links-oben-lang-scaled.jpg&#8220;] Wir handeln im Interesse unserer Kunden*innen, wobei wir Wert darauf legen, Ihnen ein m\u00f6glichst selbstbestimmtes, unabh\u00e4ngiges Leben zu Hause, oder dort wo sie sich wohlf\u00fchlen und [&hellip;]<\/p>\n","protected":false},"author":1,"featured_media":0,"parent":0,"menu_order":0,"comment_status":"closed","ping_status":"closed","template":"","meta":{"_et_pb_use_builder":"on","_et_pb_old_content":"<!-- wp:heading {\"align\":\"wide\",\"style\":{\"typography\":{\"lineHeight\":\"1.1\"}},\"className\":\"has-text-align-wide\",\"fontSize\":\"gigantic\"} -->\n<h2 class=\"alignwide has-text-align-wide has-gigantic-font-size\" style=\"line-height:1.1\">Hier entsteht eine neue Website...<\/h2>\n<!-- \/wp:heading -->\n\n<!-- wp:spacer -->\n<div style=\"height:100px\" aria-hidden=\"true\" class=\"wp-block-spacer\"><\/div>\n<!-- \/wp:spacer -->\n\n<!-- wp:columns {\"verticalAlignment\":\"center\",\"align\":\"wide\",\"className\":\"is-style-twentytwentyone-columns-overlap\"} -->\n<div class=\"wp-block-columns alignwide are-vertically-aligned-center is-style-twentytwentyone-columns-overlap\"><!-- wp:column {\"verticalAlignment\":\"center\"} -->\n<div class=\"wp-block-column is-vertically-aligned-center\"><!-- wp:spacer -->\n<div style=\"height:100px\" aria-hidden=\"true\" class=\"wp-block-spacer\"><\/div>\n<!-- \/wp:spacer --><\/div>\n<!-- \/wp:column -->\n\n<!-- wp:column {\"verticalAlignment\":\"center\"} -->\n<div class=\"wp-block-column is-vertically-aligned-center\"><\/div>\n<!-- \/wp:column --><\/div>\n<!-- \/wp:columns -->\n\n<!-- wp:spacer {\"height\":50} -->\n<div style=\"height:50px\" aria-hidden=\"true\" class=\"wp-block-spacer\"><\/div>\n<!-- \/wp:spacer -->\n\n<!-- wp:columns {\"verticalAlignment\":\"top\",\"align\":\"wide\"} -->\n<div class=\"wp-block-columns alignwide are-vertically-aligned-top\"><!-- wp:column {\"verticalAlignment\":\"top\"} -->\n<div class=\"wp-block-column is-vertically-aligned-top\"><!-- wp:heading {\"level\":3} -->\n<h3><\/h3>\n<!-- \/wp:heading -->\n\n<!-- wp:paragraph -->\n<p><\/p>\n<!-- \/wp:paragraph --><\/div>\n<!-- \/wp:column -->\n\n<!-- wp:column {\"verticalAlignment\":\"top\"} -->\n<div class=\"wp-block-column is-vertically-aligned-top\"><!-- wp:heading {\"level\":3} -->\n<h3><\/h3>\n<!-- \/wp:heading -->\n\n<!-- wp:paragraph -->\n<p><\/p>\n<!-- \/wp:paragraph --><\/div>\n<!-- \/wp:column -->\n\n<!-- wp:column {\"verticalAlignment\":\"top\"} -->\n<div class=\"wp-block-column is-vertically-aligned-top\"><!-- wp:heading {\"level\":3} -->\n<h3><\/h3>\n<!-- \/wp:heading -->\n\n<!-- wp:paragraph -->\n<p><\/p>\n<!-- \/wp:paragraph --><\/div>\n<!-- \/wp:column --><\/div>\n<!-- \/wp:columns -->\n\n<!-- wp:spacer -->\n<div style=\"height:100px\" aria-hidden=\"true\" class=\"wp-block-spacer\"><\/div>\n<!-- \/wp:spacer -->\n\n<!-- wp:cover {\"overlayColor\":\"green\",\"contentPosition\":\"center center\",\"align\":\"wide\",\"className\":\"is-style-twentytwentyone-border\"} -->\n<div class=\"wp-block-cover alignwide has-green-background-color has-background-dim is-style-twentytwentyone-border\"><div class=\"wp-block-cover__inner-container\"><!-- wp:spacer {\"height\":20} -->\n<div style=\"height:20px\" aria-hidden=\"true\" class=\"wp-block-spacer\"><\/div>\n<!-- \/wp:spacer -->\n\n<!-- wp:paragraph {\"fontSize\":\"huge\"} -->\n<p class=\"has-huge-font-size\">Need help?<\/p>\n<!-- \/wp:paragraph -->\n\n<!-- wp:spacer {\"height\":75} -->\n<div style=\"height:75px\" aria-hidden=\"true\" class=\"wp-block-spacer\"><\/div>\n<!-- \/wp:spacer -->\n\n<!-- wp:columns -->\n<div class=\"wp-block-columns\"><!-- wp:column -->\n<div class=\"wp-block-column\"><!-- wp:paragraph -->\n<p><a href=\"https:\/\/wordpress.org\/support\/article\/twenty-twenty-one\/\">Read the Theme Documentation<\/a><\/p>\n<!-- \/wp:paragraph --><\/div>\n<!-- \/wp:column -->\n\n<!-- wp:column -->\n<div class=\"wp-block-column\"><!-- wp:paragraph -->\n<p><a href=\"https:\/\/wordpress.org\/support\/theme\/twentytwentyone\/\">Check out the Support Forums<\/a><\/p>\n<!-- \/wp:paragraph --><\/div>\n<!-- \/wp:column --><\/div>\n<!-- \/wp:columns -->\n\n<!-- wp:spacer {\"height\":20} -->\n<div style=\"height:20px\" aria-hidden=\"true\" class=\"wp-block-spacer\"><\/div>\n<!-- \/wp:spacer --><\/div><\/div>\n<!-- \/wp:cover -->","footnotes":""},"class_list":["post-79","page","type-page","status-publish","hentry"],"_links":{"self":[{"href":"https:\/\/pflegeteam-sonnenberg.de\/index.php?rest_route=\/wp\/v2\/pages\/79","targetHints":{"allow":["GET"]}}],"collection":[{"href":"https:\/\/pflegeteam-sonnenberg.de\/index.php?rest_route=\/wp\/v2\/pages"}],"about":[{"href":"https:\/\/pflegeteam-sonnenberg.de\/index.php?rest_route=\/wp\/v2\/types\/page"}],"author":[{"embeddable":true,"href":"https:\/\/pflegeteam-sonnenberg.de\/index.php?rest_route=\/wp\/v2\/users\/1"}],"replies":[{"embeddable":true,"href":"https:\/\/pflegeteam-sonnenberg.de\/index.php?rest_route=%2Fwp%2Fv2%2Fcomments&post=79"}],"version-history":[{"count":16,"href":"https:\/\/pflegeteam-sonnenberg.de\/index.php?rest_route=\/wp\/v2\/pages\/79\/revisions"}],"predecessor-version":[{"id":330,"href":"https:\/\/pflegeteam-sonnenberg.de\/index.php?rest_route=\/wp\/v2\/pages\/79\/revisions\/330"}],"wp:attachment":[{"href":"https:\/\/pflegeteam-sonnenberg.de\/index.php?rest_route=%2Fwp%2Fv2%2Fmedia&parent=79"}],"curies":[{"name":"wp","href":"https:\/\/api.w.org\/{rel}","templated":true}]}}