{"id":66,"date":"2021-06-04T13:13:52","date_gmt":"2021-06-04T13:13:52","guid":{"rendered":"https:\/\/pflegeteam-sonnenberg.de\/?page_id=66"},"modified":"2025-07-08T06:40:14","modified_gmt":"2025-07-08T06:40:14","slug":"create-your-website-with-blocks-2","status":"publish","type":"page","link":"https:\/\/pflegeteam-sonnenberg.de\/?page_id=66","title":{"rendered":"Team"},"content":{"rendered":"<p>[et_pb_section fb_built=&#8220;1&#8243; _builder_version=&#8220;3.26.7&#8243; min_height=&#8220;530.2px&#8220; custom_padding=&#8220;0px|||||&#8220;][et_pb_row _builder_version=&#8220;3.26.7&#8243;][et_pb_column type=&#8220;4_4&#8243; _builder_version=&#8220;3.26.7&#8243;][et_pb_image src=&#8220;https:\/\/pflegeteam-sonnenberg.de\/wp-content\/uploads\/2025\/03\/Titelbild-2025.jpg&#8220; _builder_version=&#8220;3.26.7&#8243;][\/et_pb_image][\/et_pb_column][\/et_pb_row][et_pb_row column_structure=&#8220;1_2,1_2&#8243; _builder_version=&#8220;3.26.7&#8243; width=&#8220;78.4%&#8220; custom_padding=&#8220;||1px|1px||&#8220;][et_pb_column type=&#8220;1_2&#8243; _builder_version=&#8220;3.26.7&#8243;][et_pb_text _builder_version=&#8220;3.26.7&#8243; custom_padding=&#8220;|14px||0px||&#8220;]<\/p>\n<pre><\/pre>\n<h2>Unser Team<\/h2>\n<p>[\/et_pb_text][\/et_pb_column][et_pb_column type=&#8220;1_2&#8243; _builder_version=&#8220;3.26.7&#8243;][\/et_pb_column][\/et_pb_row][et_pb_row column_structure=&#8220;1_2,1_2&#8243; _builder_version=&#8220;3.26.7&#8243;][et_pb_column type=&#8220;1_2&#8243; _builder_version=&#8220;3.26.7&#8243;][et_pb_image src=&#8220;https:\/\/pflegeteam-sonnenberg.de\/wp-content\/uploads\/2021\/06\/sonnenberg-6235-Kopie.jpg&#8220; _builder_version=&#8220;3.26.7&#8243;][\/et_pb_image][\/et_pb_column][et_pb_column type=&#8220;1_2&#8243; _builder_version=&#8220;3.26.7&#8243;][et_pb_text _builder_version=&#8220;3.26.7&#8243;]<\/p>\n<h3>Daniela Ruch<\/h3>\n<p>Mein Name ist Daniela Ruch und ich lebe mit meiner Familie in Altgandersheim. Meine Ausbildung zur Altenpflegerin habe ich 2001 abgeschlossen und arbeite seitdem in der Pflege. Die Vielf\u00e4ltigkeit meines Berufes und der Umgang mit vielen Menschen hat mir all die Jahre meines Berufslebens bis heute sehr gefallen. So habe ich bis November 2020 eine Weiterbildung zur Fachkraft f\u00fcr Leitungsaufgaben in der Pflege absolviert.<\/p>\n<p>2021 habe ich mich der Herausforderung gestellt, einen mobilen Pflegedienst zu er\u00f6ffnen und zu leiten. Gemeinsam mit meinem tollen Team m\u00f6chte ich pflege-und hilfebed\u00fcrftige Menschen unterst\u00fctzen und ihnen den <a title=\"Unser Leitbild\" href=\"https:\/\/pflegeteam-sonnenberg.de\/?page_id=79\">Erhalt ihrer Selbst\u00e4ndigkeit<\/a> in ihrer gewohnten Umgebung erm\u00f6glichen.<\/p>\n<p>&nbsp;<\/p>\n<p>[\/et_pb_text][\/et_pb_column][\/et_pb_row][et_pb_row column_structure=&#8220;1_2,1_2&#8243; _builder_version=&#8220;3.26.7&#8243;][et_pb_column type=&#8220;1_2&#8243; _builder_version=&#8220;3.26.7&#8243;][et_pb_image src=&#8220;https:\/\/pflegeteam-sonnenberg.de\/wp-content\/uploads\/2024\/10\/team-sonnenberg-9140-Kopie.jpg&#8220; _builder_version=&#8220;3.26.7&#8243;][\/et_pb_image][et_pb_text _builder_version=&#8220;3.26.7&#8243;]<\/p>\n<h3>Sandra Dresselmann<\/h3>\n<p>Stellv. Pflegedienstleiterin und Altenpflegerin<\/p>\n<p>[\/et_pb_text][\/et_pb_column][et_pb_column type=&#8220;1_2&#8243; _builder_version=&#8220;3.26.7&#8243;][et_pb_image src=&#8220;https:\/\/pflegeteam-sonnenberg.de\/wp-content\/uploads\/2024\/10\/team-sonnenberg-9207-Kopie.jpg&#8220; _builder_version=&#8220;3.26.7&#8243;][\/et_pb_image][et_pb_text _builder_version=&#8220;3.26.7&#8243;]<\/p>\n<h3>Saskia Wiegr\u00e4fe<\/h3>\n<h3><span style=\"font-size: 16px;\">Altenpflegerin<\/span><\/h3>\n<p>[\/et_pb_text][\/et_pb_column][\/et_pb_row][et_pb_row column_structure=&#8220;1_2,1_2&#8243; _builder_version=&#8220;3.26.7&#8243;][et_pb_column type=&#8220;1_2&#8243; _builder_version=&#8220;3.26.7&#8243;][et_pb_image src=&#8220;https:\/\/pflegeteam-sonnenberg.de\/wp-content\/uploads\/2024\/10\/team-sonnenberg-9146-Kopie.jpg&#8220; _builder_version=&#8220;3.26.7&#8243;][\/et_pb_image][\/et_pb_column][et_pb_column type=&#8220;1_2&#8243; _builder_version=&#8220;3.26.7&#8243;][et_pb_image src=&#8220;https:\/\/pflegeteam-sonnenberg.de\/wp-content\/uploads\/2024\/10\/team-sonnenberg-9240-Kopie.jpg&#8220; _builder_version=&#8220;3.26.7&#8243;][\/et_pb_image][\/et_pb_column][\/et_pb_row][et_pb_row column_structure=&#8220;1_2,1_2&#8243; _builder_version=&#8220;3.26.7&#8243;][et_pb_column type=&#8220;1_2&#8243; _builder_version=&#8220;3.26.7&#8243;][et_pb_text _builder_version=&#8220;3.26.7&#8243;]<\/p>\n<h3>Sandra M\u00f6ller<\/h3>\n<p>Krankenschwester<\/p>\n<p>[\/et_pb_text][\/et_pb_column][et_pb_column type=&#8220;1_2&#8243; _builder_version=&#8220;3.26.7&#8243;][et_pb_text _builder_version=&#8220;3.26.7&#8243;]<\/p>\n<h3>Saskia Cronj\u00e4ger<\/h3>\n<p>Gesundheits- und Krankenpflegerin<\/p>\n<p>[\/et_pb_text][\/et_pb_column][\/et_pb_row][et_pb_row column_structure=&#8220;1_2,1_2&#8243; _builder_version=&#8220;3.26.7&#8243;][et_pb_column type=&#8220;1_2&#8243; _builder_version=&#8220;3.26.7&#8243;][et_pb_image src=&#8220;https:\/\/pflegeteam-sonnenberg.de\/wp-content\/uploads\/2024\/10\/team-sonnenberg-9192-Kopie.jpg&#8220; _builder_version=&#8220;3.26.7&#8243;][\/et_pb_image][\/et_pb_column][et_pb_column type=&#8220;1_2&#8243; _builder_version=&#8220;3.26.7&#8243;][et_pb_image src=&#8220;https:\/\/pflegeteam-sonnenberg.de\/wp-content\/uploads\/2024\/10\/team-sonnenberg-9400-Kopie.jpg&#8220; _builder_version=&#8220;3.26.7&#8243;][\/et_pb_image][\/et_pb_column][\/et_pb_row][et_pb_row column_structure=&#8220;1_2,1_2&#8243; _builder_version=&#8220;3.26.7&#8243;][et_pb_column type=&#8220;1_2&#8243; _builder_version=&#8220;3.26.7&#8243;][et_pb_text _builder_version=&#8220;3.26.7&#8243;]<\/p>\n<h3>Anna Oeltze-Kock<\/h3>\n<h3><span size=\"3\" style=\"font-size: small;\">Gesundheits- und Krankenpflegerin<\/span><\/h3>\n<p>[\/et_pb_text][\/et_pb_column][et_pb_column type=&#8220;1_2&#8243; _builder_version=&#8220;3.26.7&#8243;][et_pb_text _builder_version=&#8220;3.26.7&#8243;]<\/p>\n<h3>Heike Plate<\/h3>\n<p>Altenpflegehelferin<\/p>\n<p>[\/et_pb_text][\/et_pb_column][\/et_pb_row][et_pb_row column_structure=&#8220;1_2,1_2&#8243; _builder_version=&#8220;3.26.7&#8243;][et_pb_column type=&#8220;1_2&#8243; _builder_version=&#8220;3.26.7&#8243;][et_pb_image src=&#8220;https:\/\/pflegeteam-sonnenberg.de\/wp-content\/uploads\/2024\/10\/team-sonnenberg-9066-Kopie.jpg&#8220; _builder_version=&#8220;3.26.7&#8243;][\/et_pb_image][\/et_pb_column][et_pb_column type=&#8220;1_2&#8243; _builder_version=&#8220;3.26.7&#8243;][et_pb_image src=&#8220;https:\/\/pflegeteam-sonnenberg.de\/wp-content\/uploads\/2024\/10\/team-sonnenberg-9380-Kopie.jpg&#8220; _builder_version=&#8220;3.26.7&#8243;][\/et_pb_image][\/et_pb_column][\/et_pb_row][et_pb_row column_structure=&#8220;1_2,1_2&#8243; _builder_version=&#8220;3.26.7&#8243;][et_pb_column type=&#8220;1_2&#8243; _builder_version=&#8220;3.26.7&#8243;][et_pb_text _builder_version=&#8220;3.26.7&#8243;]<\/p>\n<h3>Ulrike Gr\u00fcne<\/h3>\n<p>Krankenpflegehelferin<\/p>\n<p>[\/et_pb_text][\/et_pb_column][et_pb_column type=&#8220;1_2&#8243; _builder_version=&#8220;3.26.7&#8243;][et_pb_text _builder_version=&#8220;3.26.7&#8243;]<\/p>\n<h3>Elke L\u00e4mmel<\/h3>\n<p>Krankenpflegehelferin<\/p>\n<p>[\/et_pb_text][\/et_pb_column][\/et_pb_row][et_pb_row column_structure=&#8220;1_2,1_2&#8243; _builder_version=&#8220;3.26.7&#8243;][et_pb_column type=&#8220;1_2&#8243; _builder_version=&#8220;3.26.7&#8243;][et_pb_image src=&#8220;https:\/\/pflegeteam-sonnenberg.de\/wp-content\/uploads\/2024\/10\/team-sonnenberg-9262-Kopie.jpg&#8220; _builder_version=&#8220;3.26.7&#8243;][\/et_pb_image][\/et_pb_column][et_pb_column type=&#8220;1_2&#8243; _builder_version=&#8220;3.26.7&#8243;][et_pb_image src=&#8220;https:\/\/pflegeteam-sonnenberg.de\/wp-content\/uploads\/2024\/10\/team-sonnenberg-9322-Kopie.jpg&#8220; _builder_version=&#8220;3.26.7&#8243;][\/et_pb_image][\/et_pb_column][\/et_pb_row][et_pb_row column_structure=&#8220;1_2,1_2&#8243; _builder_version=&#8220;3.26.7&#8243;][et_pb_column type=&#8220;1_2&#8243; _builder_version=&#8220;3.26.7&#8243;][et_pb_text _builder_version=&#8220;3.26.7&#8243;]<\/p>\n<h3>Darinka Hillebrecht<\/h3>\n<p>Pflegehelferin<\/p>\n<p>[\/et_pb_text][\/et_pb_column][et_pb_column type=&#8220;1_2&#8243; _builder_version=&#8220;3.26.7&#8243;][et_pb_text _builder_version=&#8220;3.26.7&#8243;]<\/p>\n<h3><span>Nicole Behrens<\/span><\/h3>\n<h3><span style=\"font-size: small;\">Pflegehelferin<\/span><\/h3>\n<p>[\/et_pb_text][\/et_pb_column][\/et_pb_row][et_pb_row column_structure=&#8220;1_2,1_2&#8243; _builder_version=&#8220;3.26.7&#8243;][et_pb_column type=&#8220;1_2&#8243; _builder_version=&#8220;3.26.7&#8243;][et_pb_image src=&#8220;https:\/\/pflegeteam-sonnenberg.de\/wp-content\/uploads\/2024\/10\/team-sonnenberg-9223-Kopie.jpg&#8220; _builder_version=&#8220;3.26.7&#8243;][\/et_pb_image][\/et_pb_column][et_pb_column type=&#8220;1_2&#8243; _builder_version=&#8220;3.26.7&#8243;][et_pb_image src=&#8220;https:\/\/pflegeteam-sonnenberg.de\/wp-content\/uploads\/2024\/10\/team-sonnenberg-9098-Kopie.jpg&#8220; _builder_version=&#8220;3.26.7&#8243;][\/et_pb_image][\/et_pb_column][\/et_pb_row][et_pb_row column_structure=&#8220;1_2,1_2&#8243; _builder_version=&#8220;3.26.7&#8243;][et_pb_column type=&#8220;1_2&#8243; _builder_version=&#8220;3.26.7&#8243;][et_pb_text _builder_version=&#8220;3.26.7&#8243;]<\/p>\n<h3>Sina Ruch<\/h3>\n<p>Heilerziehungspflegerin<\/p>\n<p>[\/et_pb_text][\/et_pb_column][et_pb_column type=&#8220;1_2&#8243; _builder_version=&#8220;3.26.7&#8243;][et_pb_text _builder_version=&#8220;3.26.7&#8243;]<\/p>\n<h3>Ina Nagel<\/h3>\n<p>B\u00fcro<\/p>\n<p>[\/et_pb_text][\/et_pb_column][\/et_pb_row][et_pb_row column_structure=&#8220;1_2,1_2&#8243; _builder_version=&#8220;3.26.7&#8243;][et_pb_column type=&#8220;1_2&#8243; _builder_version=&#8220;3.26.7&#8243;][et_pb_image src=&#8220;https:\/\/pflegeteam-sonnenberg.de\/wp-content\/uploads\/2024\/10\/team-sonnenberg-9165-Kopie.jpg&#8220; _builder_version=&#8220;3.26.7&#8243;][\/et_pb_image][\/et_pb_column][et_pb_column type=&#8220;1_2&#8243; _builder_version=&#8220;3.26.7&#8243;][et_pb_image src=&#8220;https:\/\/pflegeteam-sonnenberg.de\/wp-content\/uploads\/2024\/10\/team-sonnenberg-9350-Kopie.jpg&#8220; _builder_version=&#8220;3.26.7&#8243;][\/et_pb_image][\/et_pb_column][\/et_pb_row][et_pb_row column_structure=&#8220;1_2,1_2&#8243; _builder_version=&#8220;3.26.7&#8243;][et_pb_column type=&#8220;1_2&#8243; _builder_version=&#8220;3.26.7&#8243;][et_pb_text _builder_version=&#8220;3.26.7&#8243;]<\/p>\n<h3>Patricia Heuer<\/h3>\n<p>Hauswirtschaftskraft<\/p>\n<p>[\/et_pb_text][\/et_pb_column][et_pb_column type=&#8220;1_2&#8243; _builder_version=&#8220;3.26.7&#8243;][et_pb_text _builder_version=&#8220;3.26.7&#8243;]<\/p>\n<h3>Jacqueline Jahn<\/h3>\n<p>Hauswirtschaftskraft<\/p>\n<p>[\/et_pb_text][\/et_pb_column][\/et_pb_row][et_pb_row column_structure=&#8220;1_2,1_2&#8243; _builder_version=&#8220;3.26.7&#8243;][et_pb_column type=&#8220;1_2&#8243; _builder_version=&#8220;3.26.7&#8243;][et_pb_image src=&#8220;https:\/\/pflegeteam-sonnenberg.de\/wp-content\/uploads\/2024\/10\/team-sonnenberg-9062-Kopie.jpg&#8220; _builder_version=&#8220;3.26.7&#8243;][\/et_pb_image][\/et_pb_column][et_pb_column type=&#8220;1_2&#8243; _builder_version=&#8220;3.26.7&#8243;][et_pb_image src=&#8220;https:\/\/pflegeteam-sonnenberg.de\/wp-content\/uploads\/2024\/10\/team-sonnenberg-9041-Kopie.jpg&#8220; _builder_version=&#8220;3.26.7&#8243;][\/et_pb_image][\/et_pb_column][\/et_pb_row][et_pb_row column_structure=&#8220;1_2,1_2&#8243; _builder_version=&#8220;3.26.7&#8243;][et_pb_column type=&#8220;1_2&#8243; _builder_version=&#8220;3.26.7&#8243;][et_pb_text _builder_version=&#8220;3.26.7&#8243;]<\/p>\n<h3>Michaela Probst<\/h3>\n<p>Hauswirtschaftskraft<\/p>\n<p>[\/et_pb_text][\/et_pb_column][et_pb_column type=&#8220;1_2&#8243; _builder_version=&#8220;3.26.7&#8243;][et_pb_text _builder_version=&#8220;3.26.7&#8243;]<\/p>\n<h3>Andrea Gr\u00fcne<\/h3>\n<p>Hauswirtschaftskraft<\/p>\n<p>[\/et_pb_text][\/et_pb_column][\/et_pb_row][et_pb_row _builder_version=&#8220;3.26.7&#8243;][et_pb_column type=&#8220;4_4&#8243; _builder_version=&#8220;3.26.7&#8243;][et_pb_divider _builder_version=&#8220;3.26.7&#8243;][\/et_pb_divider][\/et_pb_column][\/et_pb_row][et_pb_row column_structure=&#8220;1_2,1_2&#8243; _builder_version=&#8220;3.26.7&#8243;][et_pb_column type=&#8220;1_2&#8243; _builder_version=&#8220;3.26.7&#8243;][et_pb_image src=&#8220;https:\/\/pflegeteam-sonnenberg.de\/wp-content\/uploads\/2021\/06\/Bildschirmfoto-2021-06-04-um-17.55.11.png&#8220; _builder_version=&#8220;3.26.7&#8243;][\/et_pb_image][\/et_pb_column][et_pb_column type=&#8220;1_2&#8243; _builder_version=&#8220;3.26.7&#8243;][et_pb_text _builder_version=&#8220;3.26.7&#8243; inline_fonts=&#8220;Arial,Verdana&#8220;]<\/p>\n<p>M\u00f6chtest Du Teil unseres jungen und erfahrenen Teams werden? Wenn auch du mit Begeisterung und Motivation pflege- und hilfebed\u00fcrftige Menschen unterst\u00fctzen m\u00f6chtest und dabei Erfahrung in einem professionellen und verantwortungsbewussten Team sammeln m\u00f6chtest, sollten wir uns kennenlernen.<\/p>\n<p>Wir suchen <strong>ab sofort oder sp\u00e4ter<\/strong> engagierte und motivierte Mitarbeiter, die Spa\u00df am Umgang mit Menschen haben sowie Verantwortungsbewusstsein und Zuverl\u00e4ssigkeit mitbringen. Bewirb dich jetzt als<\/p>\n<ul>\n<li>\n<h4>Pflegefachkraft<\/h4>\n<\/li>\n<li>\n<h4>Pflegeassistent\/in<\/h4>\n<\/li>\n<li>\n<h4>Krankenpflegehelfer\/in<\/h4>\n<\/li>\n<li>\n<h4>Hauswirtschaftskraft<\/h4>\n<\/li>\n<\/ul>\n<p>Wir bieten vielseitige Aufgaben und eine intensive Einarbeitung mit verschiedenen Arbeitszeitmodellen sowie eine angenehme Arbeitsatmosph\u00e4re und gut gelaunte Kollegen. Wir freuen uns auf deine Bewerbung!<\/p>\n<pre>\u00a0\n\n<\/pre>\n<div class=\"wpb_text_column wpb_content_element \">\n<div class=\"wpb_wrapper\">\n<div class=\"sidebar_content full_width\">\n<pre><span style=\"font-family: Arial;\">Pflegeteam Sonnenberg\nDaniela Ruch\nSonnenberg 8\n37581 Bad Gandersheim\nOT Altgandersheim<\/span><\/pre>\n<\/div>\n<\/div>\n<\/div>\n<div class=\"wpb_text_column wpb_content_element \">\n<div class=\"wpb_wrapper\">\n<pre><span style=\"font-family: Arial;\">Telefon: 05382 \/ 958318\nTelefax: 05382 \/ 958655\nMobil: 0151 \/ 46251154<strong>\n\nMail: <\/strong><a href=\"mailto:%20info@pflegeteam-sonnenberg.de\"><strong>info@pflegeteam-sonnenberg.de<\/strong><\/a><\/span><\/pre>\n<\/div>\n<\/div>\n<p>[\/et_pb_text][\/et_pb_column][\/et_pb_row][\/et_pb_section]<\/p>\n","protected":false},"excerpt":{"rendered":"<p>[et_pb_section fb_built=&#8220;1&#8243; _builder_version=&#8220;3.26.7&#8243; min_height=&#8220;530.2px&#8220; custom_padding=&#8220;0px|||||&#8220;][et_pb_row _builder_version=&#8220;3.26.7&#8243;][et_pb_column type=&#8220;4_4&#8243; _builder_version=&#8220;3.26.7&#8243;][et_pb_image src=&#8220;https:\/\/pflegeteam-sonnenberg.de\/wp-content\/uploads\/2025\/03\/Titelbild-2025.jpg&#8220; _builder_version=&#8220;3.26.7&#8243;][\/et_pb_image][\/et_pb_column][\/et_pb_row][et_pb_row column_structure=&#8220;1_2,1_2&#8243; _builder_version=&#8220;3.26.7&#8243; width=&#8220;78.4%&#8220; custom_padding=&#8220;||1px|1px||&#8220;][et_pb_column type=&#8220;1_2&#8243; _builder_version=&#8220;3.26.7&#8243;][et_pb_text _builder_version=&#8220;3.26.7&#8243; custom_padding=&#8220;|14px||0px||&#8220;] Unser Team [\/et_pb_text][\/et_pb_column][et_pb_column type=&#8220;1_2&#8243; _builder_version=&#8220;3.26.7&#8243;][\/et_pb_column][\/et_pb_row][et_pb_row column_structure=&#8220;1_2,1_2&#8243; _builder_version=&#8220;3.26.7&#8243;][et_pb_column type=&#8220;1_2&#8243; _builder_version=&#8220;3.26.7&#8243;][et_pb_image src=&#8220;https:\/\/pflegeteam-sonnenberg.de\/wp-content\/uploads\/2021\/06\/sonnenberg-6235-Kopie.jpg&#8220; _builder_version=&#8220;3.26.7&#8243;][\/et_pb_image][\/et_pb_column][et_pb_column type=&#8220;1_2&#8243; _builder_version=&#8220;3.26.7&#8243;][et_pb_text _builder_version=&#8220;3.26.7&#8243;] Daniela Ruch Mein Name ist Daniela Ruch und ich lebe mit meiner Familie in Altgandersheim. Meine Ausbildung zur Altenpflegerin habe ich 2001 abgeschlossen [&hellip;]<\/p>\n","protected":false},"author":1,"featured_media":0,"parent":0,"menu_order":0,"comment_status":"closed","ping_status":"closed","template":"","meta":{"_et_pb_use_builder":"on","_et_pb_old_content":"<!-- wp:heading {\"align\":\"wide\",\"style\":{\"typography\":{\"lineHeight\":\"1.1\"}},\"className\":\"has-text-align-wide\",\"fontSize\":\"gigantic\"} -->\n<h2 class=\"alignwide has-text-align-wide has-gigantic-font-size\" style=\"line-height:1.1\">Hier entsteht eine neue Website...<\/h2>\n<!-- \/wp:heading -->\n\n<!-- wp:spacer -->\n<div style=\"height:100px\" aria-hidden=\"true\" class=\"wp-block-spacer\"><\/div>\n<!-- \/wp:spacer -->\n\n<!-- wp:columns {\"verticalAlignment\":\"center\",\"align\":\"wide\",\"className\":\"is-style-twentytwentyone-columns-overlap\"} -->\n<div class=\"wp-block-columns alignwide are-vertically-aligned-center is-style-twentytwentyone-columns-overlap\"><!-- wp:column {\"verticalAlignment\":\"center\"} -->\n<div class=\"wp-block-column is-vertically-aligned-center\"><!-- wp:spacer -->\n<div style=\"height:100px\" aria-hidden=\"true\" class=\"wp-block-spacer\"><\/div>\n<!-- \/wp:spacer --><\/div>\n<!-- \/wp:column -->\n\n<!-- wp:column {\"verticalAlignment\":\"center\"} -->\n<div class=\"wp-block-column is-vertically-aligned-center\"><\/div>\n<!-- \/wp:column --><\/div>\n<!-- \/wp:columns -->\n\n<!-- wp:spacer {\"height\":50} -->\n<div style=\"height:50px\" aria-hidden=\"true\" class=\"wp-block-spacer\"><\/div>\n<!-- \/wp:spacer -->\n\n<!-- wp:columns {\"verticalAlignment\":\"top\",\"align\":\"wide\"} -->\n<div class=\"wp-block-columns alignwide are-vertically-aligned-top\"><!-- wp:column {\"verticalAlignment\":\"top\"} -->\n<div class=\"wp-block-column is-vertically-aligned-top\"><!-- wp:heading {\"level\":3} -->\n<h3><\/h3>\n<!-- \/wp:heading -->\n\n<!-- wp:paragraph -->\n<p><\/p>\n<!-- \/wp:paragraph --><\/div>\n<!-- \/wp:column -->\n\n<!-- wp:column {\"verticalAlignment\":\"top\"} -->\n<div class=\"wp-block-column is-vertically-aligned-top\"><!-- wp:heading {\"level\":3} -->\n<h3><\/h3>\n<!-- \/wp:heading -->\n\n<!-- wp:paragraph -->\n<p><\/p>\n<!-- \/wp:paragraph --><\/div>\n<!-- \/wp:column -->\n\n<!-- wp:column {\"verticalAlignment\":\"top\"} -->\n<div class=\"wp-block-column is-vertically-aligned-top\"><!-- wp:heading {\"level\":3} -->\n<h3><\/h3>\n<!-- \/wp:heading -->\n\n<!-- wp:paragraph -->\n<p><\/p>\n<!-- \/wp:paragraph --><\/div>\n<!-- \/wp:column --><\/div>\n<!-- \/wp:columns -->\n\n<!-- wp:spacer -->\n<div style=\"height:100px\" aria-hidden=\"true\" class=\"wp-block-spacer\"><\/div>\n<!-- \/wp:spacer -->\n\n<!-- wp:cover {\"overlayColor\":\"green\",\"contentPosition\":\"center center\",\"align\":\"wide\",\"className\":\"is-style-twentytwentyone-border\"} -->\n<div class=\"wp-block-cover alignwide has-green-background-color has-background-dim is-style-twentytwentyone-border\"><div class=\"wp-block-cover__inner-container\"><!-- wp:spacer {\"height\":20} -->\n<div style=\"height:20px\" aria-hidden=\"true\" class=\"wp-block-spacer\"><\/div>\n<!-- \/wp:spacer -->\n\n<!-- wp:paragraph {\"fontSize\":\"huge\"} -->\n<p class=\"has-huge-font-size\">Need help?<\/p>\n<!-- \/wp:paragraph -->\n\n<!-- wp:spacer {\"height\":75} -->\n<div style=\"height:75px\" aria-hidden=\"true\" class=\"wp-block-spacer\"><\/div>\n<!-- \/wp:spacer -->\n\n<!-- wp:columns -->\n<div class=\"wp-block-columns\"><!-- wp:column -->\n<div class=\"wp-block-column\"><!-- wp:paragraph -->\n<p><a href=\"https:\/\/wordpress.org\/support\/article\/twenty-twenty-one\/\">Read the Theme Documentation<\/a><\/p>\n<!-- \/wp:paragraph --><\/div>\n<!-- \/wp:column -->\n\n<!-- wp:column -->\n<div class=\"wp-block-column\"><!-- wp:paragraph -->\n<p><a href=\"https:\/\/wordpress.org\/support\/theme\/twentytwentyone\/\">Check out the Support Forums<\/a><\/p>\n<!-- \/wp:paragraph --><\/div>\n<!-- \/wp:column --><\/div>\n<!-- \/wp:columns -->\n\n<!-- wp:spacer {\"height\":20} -->\n<div style=\"height:20px\" aria-hidden=\"true\" class=\"wp-block-spacer\"><\/div>\n<!-- \/wp:spacer --><\/div><\/div>\n<!-- \/wp:cover -->","footnotes":""},"class_list":["post-66","page","type-page","status-publish","hentry"],"_links":{"self":[{"href":"https:\/\/pflegeteam-sonnenberg.de\/index.php?rest_route=\/wp\/v2\/pages\/66","targetHints":{"allow":["GET"]}}],"collection":[{"href":"https:\/\/pflegeteam-sonnenberg.de\/index.php?rest_route=\/wp\/v2\/pages"}],"about":[{"href":"https:\/\/pflegeteam-sonnenberg.de\/index.php?rest_route=\/wp\/v2\/types\/page"}],"author":[{"embeddable":true,"href":"https:\/\/pflegeteam-sonnenberg.de\/index.php?rest_route=\/wp\/v2\/users\/1"}],"replies":[{"embeddable":true,"href":"https:\/\/pflegeteam-sonnenberg.de\/index.php?rest_route=%2Fwp%2Fv2%2Fcomments&post=66"}],"version-history":[{"count":37,"href":"https:\/\/pflegeteam-sonnenberg.de\/index.php?rest_route=\/wp\/v2\/pages\/66\/revisions"}],"predecessor-version":[{"id":340,"href":"https:\/\/pflegeteam-sonnenberg.de\/index.php?rest_route=\/wp\/v2\/pages\/66\/revisions\/340"}],"wp:attachment":[{"href":"https:\/\/pflegeteam-sonnenberg.de\/index.php?rest_route=%2Fwp%2Fv2%2Fmedia&parent=66"}],"curies":[{"name":"wp","href":"https:\/\/api.w.org\/{rel}","templated":true}]}}